{"id":161,"date":"2025-06-04T11:32:41","date_gmt":"2025-06-04T11:32:41","guid":{"rendered":"http:\/\/analizesanocare.ro\/?page_id=161"},"modified":"2025-09-24T15:01:35","modified_gmt":"2025-09-24T15:01:35","slug":"politica-editoriala","status":"publish","type":"page","link":"https:\/\/analizesanocare.ro\/en\/politica-editoriala\/","title":{"rendered":"Politica Editoriala"},"content":{"rendered":"<p>La <strong>AnalizeSanoCare<\/strong>, trat\u0103m cu maxim\u0103 seriozitate acurate\u021bea \u0219i responsabilitatea informa\u021biilor publicate. Scopul politicii noastre editoriale este de a asigura transparen\u021ba, integritatea \u0219i calitatea con\u021binutului pe care \u00eel oferim publicului, indiferent dac\u0103 este vorba despre articole informative, ghiduri medicale, nout\u0103\u021bi din domeniu sau comunic\u0103ri oficiale.<\/p>\n\n\n\n<h3 class=\"wp-block-heading\">1. Acurate\u021bea informa\u021biilor<\/h3>\n\n\n\n<p>Toate materialele publicate pe platforma <strong>AnalizeSanoCare<\/strong> sunt bazate pe date \u0219tiin\u021bifice actualizate, ghiduri medicale na\u021bionale \u0219i interna\u021bionale, precum \u0219i pe expertiza profesioni\u0219tilor din domeniul s\u0103n\u0103t\u0103\u021bii. Ne asigur\u0103m c\u0103 sursele sunt credibile, iar con\u021binutul este verificat \u00eenainte de publicare de c\u0103tre personal medical calificat.<\/p>\n\n\n\n<h3 class=\"wp-block-heading\">2. Transparen\u021b\u0103 \u0219i obiectivitate<\/h3>\n\n\n\n<p>Evit\u0103m orice form\u0103 de publicitate mascat\u0103 sau promovare nejustificat\u0103 a unor produse sau servicii. Ori de c\u00e2te ori con\u021binutul poate avea o component\u0103 publicitar\u0103 sau sponsorizat\u0103, acest lucru va fi men\u021bionat clar. Ne angaj\u0103m s\u0103 oferim informa\u021bii neutre, obiective \u0219i \u00een beneficiul pacientului.<\/p>\n\n\n\n<h3 class=\"wp-block-heading\">3. Responsabilitate medical\u0103<\/h3>\n\n\n\n<p>Informa\u021biile publicate au scop educativ \u0219i informativ, dar <strong>nu \u00eenlocuiesc consultul medical de specialitate<\/strong>. \u00cencuraj\u0103m to\u021bi utilizatorii s\u0103 consulte un medic \u00eenainte de a lua decizii privind s\u0103n\u0103tatea, bazate exclusiv pe con\u021binutul de pe site.<\/p>\n\n\n\n<h3 class=\"wp-block-heading\">4. Actualizarea con\u021binutului<\/h3>\n\n\n\n<p>Echipa editorial\u0103 actualizeaz\u0103 periodic articolele, pentru a reflecta cele mai noi date \u0219tiin\u021bifice \u0219i reglement\u0103ri \u00een vigoare. Ne rezerv\u0103m dreptul de a corecta eventualele erori sau omisiuni \u0219i \u00eencuraj\u0103m feedback-ul utilizatorilor pentru \u00eembun\u0103t\u0103\u021birea continu\u0103 a con\u021binutului.<\/p>\n\n\n\n<h3 class=\"wp-block-heading\">5. Drepturi de autor<\/h3>\n\n\n\n<p>Tot con\u021binutul publicat este proprietatea <strong>AnalizeSanoCare<\/strong>, cu excep\u021bia cazurilor \u00een care sunt indicate surse externe. Reproducerea total\u0103 sau par\u021bial\u0103 a materialelor este permis\u0103 doar cu acordul scris al redac\u021biei.<\/p>\n\n\n\n<hr class=\"wp-block-separator has-alpha-channel-opacity\"\/>\n\n\n\n<p>Prin aceast\u0103 politic\u0103 editorial\u0103, <strong>AnalizeSanoCare<\/strong> \u00ee\u0219i reafirm\u0103 angajamentul fa\u021b\u0103 de un con\u021binut onest, documentat \u0219i responsabil, \u00een slujba s\u0103n\u0103t\u0103\u021bii \u0219i educa\u021biei medicale a publicului larg.<\/p>","protected":false},"excerpt":{"rendered":"<p>La AnalizeSanoCare, trat\u0103m cu maxim\u0103 seriozitate acurate\u021bea \u0219i responsabilitatea informa\u021biilor publicate. Scopul politicii noastre editoriale este de a asigura transparen\u021ba, integritatea \u0219i calitatea con\u021binutului pe care \u00eel oferim publicului, indiferent dac\u0103 este vorba despre articole informative, ghiduri medicale, nout\u0103\u021bi din domeniu sau comunic\u0103ri oficiale. 1. Acurate\u021bea informa\u021biilor Toate materialele publicate pe platforma AnalizeSanoCare sunt bazate [&hellip;]<\/p>\n","protected":false},"author":1,"featured_media":0,"parent":0,"menu_order":0,"comment_status":"closed","ping_status":"closed","template":"","meta":{"_acf_changed":false,"footnotes":""},"class_list":["post-161","page","type-page","status-publish","hentry"],"acf":[],"_links":{"self":[{"href":"https:\/\/analizesanocare.ro\/en\/wp-json\/wp\/v2\/pages\/161","targetHints":{"allow":["GET"]}}],"collection":[{"href":"https:\/\/analizesanocare.ro\/en\/wp-json\/wp\/v2\/pages"}],"about":[{"href":"https:\/\/analizesanocare.ro\/en\/wp-json\/wp\/v2\/types\/page"}],"author":[{"embeddable":true,"href":"https:\/\/analizesanocare.ro\/en\/wp-json\/wp\/v2\/users\/1"}],"replies":[{"embeddable":true,"href":"https:\/\/analizesanocare.ro\/en\/wp-json\/wp\/v2\/comments?post=161"}],"version-history":[{"count":1,"href":"https:\/\/analizesanocare.ro\/en\/wp-json\/wp\/v2\/pages\/161\/revisions"}],"predecessor-version":[{"id":162,"href":"https:\/\/analizesanocare.ro\/en\/wp-json\/wp\/v2\/pages\/161\/revisions\/162"}],"wp:attachment":[{"href":"https:\/\/analizesanocare.ro\/en\/wp-json\/wp\/v2\/media?parent=161"}],"curies":[{"name":"wp","href":"https:\/\/api.w.org\/{rel}","templated":true}]}}